{"id":82,"date":"2024-06-17T17:31:30","date_gmt":"2024-06-17T15:31:30","guid":{"rendered":"https:\/\/happy-playce.de\/?page_id=82"},"modified":"2025-08-20T13:03:54","modified_gmt":"2025-08-20T11:03:54","slug":"gesangs-faq","status":"publish","type":"page","link":"https:\/\/happy-playce.de\/?page_id=82","title":{"rendered":"Gesangs-FAQ"},"content":{"rendered":"\n<p>&#8222;Summen gilt nicht, Summen ist f\u00fcr Bienen&#8220;<\/p>\n\n\n\n<p>Bei unseren Larps setzen wir auf Gesang als Metatechnik, um die Gef\u00fchle unserer Charaktere auszudr\u00fccken. Wie in einem Musical k\u00f6nnen Charaktere, wenn sie ihrer Emotionen anders nicht mehr Herr werden, in Gesang wechseln. In der Welt unserer Larps ist das so normal, wie bei einer traurigen Geschichte in Tr\u00e4nen auszubrechen.&nbsp;<\/p>\n\n\n\n<p>Um das ganze verst\u00e4ndlicher zu machen, haben wir ein kleines FAQ f\u00fcr euch zusammengestellt.&nbsp;<\/p>\n\n\n\n<p><strong>Wann sollte ich singen?<\/strong><\/p>\n\n\n\n<p>Wann du willst! Am besten immer! Wenn das nicht m\u00f6glich ist, dann denk einfach an Musicals. Dort geht der Gesang meistens los, wenn starke Emotionen auftauchen, die die Charaktere nur durch Sprache nicht halten k\u00f6nnen und durch Gesang ausdr\u00fccken m\u00fcssen.<\/p>\n\n\n\n<p><strong>Was sollte ich singen?<\/strong><\/p>\n\n\n\n<p>Was immer dir gef\u00e4llt und gerade gut passt.&nbsp;<\/p>\n\n\n\n<p>Es kann helfen, vor dem Larp \u00fcber den Charakter und dar\u00fcber, was ihm vielleicht passieren kann, nachzudenken. Dann kannst du bereits passende Lieder dazu raussuchen und die Texte parat haben, wenn es soweit ist.&nbsp;<\/p>\n\n\n\n<p>Des weiteren ist es sch\u00f6n, bekannte Lieder zu nehmen (z.B. Songs von Abba o.\u00e4.), damit andere leichter einsteigen und dich unterst\u00fctzen k\u00f6nnen.<\/p>\n\n\n\n<p><strong>Wie lange sollte ich singen?<\/strong><\/p>\n\n\n\n<p>Genau wie ein Gespr\u00e4ch, in dem eine Person einen Monolog h\u00e4lt, f\u00fcr das Gegen\u00fcber schnell langweilig werden kann, kann es auch anstrengen, einem kompletten 3 Minuten Song zuzuh\u00f6ren, bis man selbst wieder zu Wort kommt. Beschr\u00e4nke dich daher am besten auf einige Zeilen, vielleicht einen Refrain oder eine gut passende Strophe, damit der Gesang das Spiel unterst\u00fctzt und nicht unterbricht.&nbsp;<\/p>\n\n\n\n<p>Sollte sich aus einem Lied eine tolle Gruppenszene ergeben, m\u00fcsst ihr es nat\u00fcrlich keinesfalls unterbrechen. Habt einfach ein bisschen Gesp\u00fcr f\u00fcr die Szene.<\/p>\n\n\n\n<p><strong>Was ist, wenn ich den Text nicht komplett kann?<\/strong><\/p>\n\n\n\n<p>Dann sing nur den Teil, den du kennst. Und\/Oder improvisiere beim Rest. Es ist sowieso immer in Ordnung, nur einzelne Zeilen zu singen.<\/p>\n\n\n\n<p><strong>Was ist, wenn der Text nicht genau zur Situation passt?<\/strong><\/p>\n\n\n\n<p>Es geht nicht um den genauen Text, sondern um das Feeling des Liedes. Im Zweifel ist es immer besser zu singen, als nicht zu singen!<\/p>\n\n\n\n<p><strong>Was tue ich, wenn mein Gespr\u00e4chspartner im Gespr\u00e4ch beginnt zu singen?<\/strong><\/p>\n\n\n\n<p>Reagiere angemessen darauf. Also so, als ob die Person das Gef\u00fchl, das im Gesang r\u00fcberkommt, gerade in Worten versucht, dir verst\u00e4ndlich zu machen.&nbsp;<\/p>\n\n\n\n<p><strong>Wie reagiert das Umfeld auf den Gesang?<\/strong><\/p>\n\n\n\n<p>Ihr k\u00f6nnt zuh\u00f6ren, hinschauen, darauf reagieren. Einfach so, als w\u00fcrde neben euch eine Unterhaltung lauter werden. Und dann k\u00f6nnt ihr entscheiden, ob ihr euch einmischt und beispielsweise mitsingt, mit Backgroundtanz unterst\u00fctzt, oder euch einfach entfernt und eure Szene woanders weiterspielt.&nbsp;<\/p>\n\n\n\n<p><strong>Soll ich am Ende eines Songs klatschen?<\/strong><\/p>\n\n\n\n<p>Ist der Song auf einer B\u00fchne aufgef\u00fchrt worden als Performance? Dann gerne! Andernfalls: Auf gar keinen Fall! Mach einfach weiter mit deiner Szene, wie wenn jemand neben dir laut geredet h\u00e4tte. Dann w\u00fcrdest du ja auch nicht klatschen.&nbsp;<\/p>\n\n\n\n<p><strong>Ich m\u00f6chte bald ein Lied singen und mich mit einem Instrument begleiten. Wie erkl\u00e4re ich, dass das Instrument spontan da ist?<\/strong><\/p>\n\n\n\n<p>Gar nicht. Wie in einem Musical ist es bei unseren Larps normal, dass pl\u00f6tzlich Instrumente irgendwo aufpoppen, Menschen singen und andere in den Gesang einsteigen.&nbsp;<\/p>\n\n\n\n<p><strong>Wie singe ich ein Solo als inneren Monolog ohne Unterbrechungen?<\/strong><\/p>\n\n\n\n<p>Einmal pro Tag kannst du dir per Metatechnik Spotlight holen. Daf\u00fcr klatschst du zweimal. Die Leute um dich herum freezen dann und h\u00f6ren deinem Song als eine Art innerem Monolog zu. Du kannst nat\u00fcrlich mit bestimmten Leuten besprechen, dass sie in diesem Spotlight f\u00fcr dich den Backgroundgesang \u00fcbernehmen, aber es werden dann keine Leute random einsteigen.&nbsp;<\/p>\n\n\n\n<p><strong>Ich bin mir nicht sicher, ob ich alle T\u00f6ne in dem Lied treffe, dass ich singen will\u2026<\/strong><\/p>\n\n\n\n<p>Egal! Das Wichtigste ist, dass du dich nicht verkrampfst und keine Angst hast, zu singen. Mache dich locker und probier es einfach. Niemand wird dich verurteilen, wenn du ein Lied nicht perfekt singst.<\/p>\n\n\n\n<p><strong>Kann ich Background-Musik haben?<\/strong><\/p>\n\n\n\n<p>Wenn ihr euch darum k\u00fcmmert, eine Musikbox parat habt, und im richtigen Moment startet, ist das kein Problem. Wir k\u00f6nnen euch lediglich in der Taverne Backgroundmusik anmachen, sprecht daf\u00fcr einfach unsere Tavernenperson an. <\/p>\n\n\n\n<p><strong>Wie komme ich ins Singen hinein?<\/strong><\/p>\n\n\n\n<p>Aller Anfang ist schwer, das wissen wir. Daher achten wir beim Design unserer Larps darauf, euch gesanglich am Anfang abzuholen, bspw. mit einem Karaoke-Abend, an dem ihr in einem \u201cnat\u00fcrlichen\u201d Rahmen ein erstes Lied singen k\u00f6nnt, das gerne auch die Ausgangssituation deines Charakters beschreiben darf. Selbstverst\u00e4ndlich wird es auch noch vor Spielbeginn einen Workshop geben, der uns alle auf das Singen vorbereiten und auflockern soll.<\/p>\n","protected":false},"excerpt":{"rendered":"<p>&#8222;Summen gilt nicht, Summen ist f\u00fcr Bienen&#8220; Bei unseren Larps setzen wir auf Gesang als Metatechnik, um die Gef\u00fchle unserer Charaktere auszudr\u00fccken. Wie in einem Musical k\u00f6nnen Charaktere, wenn sie ihrer Emotionen anders nicht mehr Herr werden, in Gesang wechseln. In der Welt unserer Larps ist das so normal, wie bei einer traurigen Geschichte in [&hellip;]<\/p>\n","protected":false},"author":3,"featured_media":0,"parent":0,"menu_order":0,"comment_status":"closed","ping_status":"closed","template":"","meta":{"site-container-style":"default","site-container-layout":"default","site-sidebar-layout":"default","disable-article-header":"default","disable-site-header":"default","disable-site-footer":"default","disable-content-area-spacing":"default","footnotes":""},"class_list":["post-82","page","type-page","status-publish","hentry"],"_links":{"self":[{"href":"https:\/\/happy-playce.de\/index.php?rest_route=\/wp\/v2\/pages\/82"}],"collection":[{"href":"https:\/\/happy-playce.de\/index.php?rest_route=\/wp\/v2\/pages"}],"about":[{"href":"https:\/\/happy-playce.de\/index.php?rest_route=\/wp\/v2\/types\/page"}],"author":[{"embeddable":true,"href":"https:\/\/happy-playce.de\/index.php?rest_route=\/wp\/v2\/users\/3"}],"replies":[{"embeddable":true,"href":"https:\/\/happy-playce.de\/index.php?rest_route=%2Fwp%2Fv2%2Fcomments&post=82"}],"version-history":[{"count":2,"href":"https:\/\/happy-playce.de\/index.php?rest_route=\/wp\/v2\/pages\/82\/revisions"}],"predecessor-version":[{"id":108,"href":"https:\/\/happy-playce.de\/index.php?rest_route=\/wp\/v2\/pages\/82\/revisions\/108"}],"wp:attachment":[{"href":"https:\/\/happy-playce.de\/index.php?rest_route=%2Fwp%2Fv2%2Fmedia&parent=82"}],"curies":[{"name":"wp","href":"https:\/\/api.w.org\/{rel}","templated":true}]}}