{"id":44,"date":"2023-11-09T13:10:45","date_gmt":"2023-11-09T12:10:45","guid":{"rendered":"https:\/\/happy-playce.de\/?page_id=44"},"modified":"2023-11-09T13:10:46","modified_gmt":"2023-11-09T12:10:46","slug":"datenschutz","status":"publish","type":"page","link":"https:\/\/happy-playce.de\/?page_id=44","title":{"rendered":"Datenschutz"},"content":{"rendered":"\n<p>Wir erheben im Rahmen des Besuchs der Website keine personenbezogenen Daten. Bei Anmeldung zu einem unserer LARPs werden Daten erhoben und gespeichert. Dies ist an der jeweiligen Stelle kenntlich gemacht und bedarf immer der Zustimmung der Person, die die Angaben macht. Die Daten bleiben so lange gespeichert, wie es notwendig ist. Sobald ein LARP durch uns vollst\u00e4ndig abgewickelt wurde, werden personenbezogene Daten wieder gel\u00f6scht. Sollen Daten vorab gel\u00f6scht werden, werden wir auf Anfrage pr\u00fcfen, ob dies m\u00f6glich ist. Diese Anfrage ist an chris@happy-playce.de zu richten.<\/p>\n","protected":false},"excerpt":{"rendered":"<p>Wir erheben im Rahmen des Besuchs der Website keine personenbezogenen Daten. Bei Anmeldung zu einem unserer LARPs werden Daten erhoben und gespeichert. Dies ist an der jeweiligen Stelle kenntlich gemacht und bedarf immer der Zustimmung der Person, die die Angaben macht. Die Daten bleiben so lange gespeichert, wie es notwendig ist. Sobald ein LARP durch [&hellip;]<\/p>\n","protected":false},"author":4,"featured_media":0,"parent":0,"menu_order":0,"comment_status":"closed","ping_status":"closed","template":"","meta":{"site-container-style":"default","site-container-layout":"default","site-sidebar-layout":"default","disable-article-header":"default","disable-site-header":"default","disable-site-footer":"default","disable-content-area-spacing":"default","footnotes":""},"class_list":["post-44","page","type-page","status-publish","hentry"],"_links":{"self":[{"href":"https:\/\/happy-playce.de\/index.php?rest_route=\/wp\/v2\/pages\/44"}],"collection":[{"href":"https:\/\/happy-playce.de\/index.php?rest_route=\/wp\/v2\/pages"}],"about":[{"href":"https:\/\/happy-playce.de\/index.php?rest_route=\/wp\/v2\/types\/page"}],"author":[{"embeddable":true,"href":"https:\/\/happy-playce.de\/index.php?rest_route=\/wp\/v2\/users\/4"}],"replies":[{"embeddable":true,"href":"https:\/\/happy-playce.de\/index.php?rest_route=%2Fwp%2Fv2%2Fcomments&post=44"}],"version-history":[{"count":1,"href":"https:\/\/happy-playce.de\/index.php?rest_route=\/wp\/v2\/pages\/44\/revisions"}],"predecessor-version":[{"id":50,"href":"https:\/\/happy-playce.de\/index.php?rest_route=\/wp\/v2\/pages\/44\/revisions\/50"}],"wp:attachment":[{"href":"https:\/\/happy-playce.de\/index.php?rest_route=%2Fwp%2Fv2%2Fmedia&parent=44"}],"curies":[{"name":"wp","href":"https:\/\/api.w.org\/{rel}","templated":true}]}}