{"id":12,"date":"2023-11-13T20:27:09","date_gmt":"2023-11-13T19:27:09","guid":{"rendered":"https:\/\/happy-playce.de\/?page_id=12"},"modified":"2024-09-30T12:42:34","modified_gmt":"2024-09-30T10:42:34","slug":"titanenkinder","status":"publish","type":"page","link":"https:\/\/happy-playce.de\/?page_id=12","title":{"rendered":"Titanenkinder"},"content":{"rendered":"\n<p>Unser n\u00e4chstes Projekt hei\u00dft &#8222;Titanenkinder&#8220; und wird vom 14. bis 17. November 2024 im Kuckucksnest in Schl\u00fcchtern, etwa eine Autostunde \u00f6stlich von Frankfurt am Main stattfinden. Es wird wie bereits bei der Roten Ros ein Musicallarp werden. Der Unkostenbeitrag wird zwischen 150\u20ac und 275\u20ac liegen. Details dazu weiter unten.<\/p>\n\n\n\n<p><strong>Achtung: Dieses Mal findet unser Spiel auf Englisch statt!<\/strong><\/p>\n\n\n\n<h2 class=\"wp-block-heading\">Thematik<\/h2>\n\n\n\n<p>Titanenkinder bringt euch in die Welt eines Ensembles internationaler, professioneller T\u00e4nzer im Jahr 2024, die von ihrem Boss f\u00fcr eine Woche an einen entlegenen Ort gebracht werden, damit sie f\u00fcr ihr neuestes St\u00fcck &#8222;Titanenkinder&#8220; proben k\u00f6nnen und sich besser kennenlernen. Die Rollen sind l\u00e4ngst vergeben, doch nicht jeder ist mit den Entscheidungen der Produktionsleitung gl\u00fccklich, und so manche alte Wunde wird aufgerissen.<\/p>\n\n\n\n<p>Titanenkinder wird ein <strong>Musicallarp mit Tanz, <\/strong>was bedeutet, dass wir eine weitere Kunstform in unser Spiel einflie\u00dfen lassen. Alle Teilnehmenden werden Teile des Ensembles sein. Dabei verzichten wir bewusst auf Rollen wie &#8222;den Regisseur&#8220; oder &#8222;die Geldgeberin&#8220;, um zu vermeiden, dass das Spiel zu stark auf einzelne fokussiert wird. Stattdessen wird es mehrere Produktionsassistenzen geben, die gleichberechtigt Regie f\u00fchren oder Produktionsrelevantes entscheiden k\u00f6nnen. Auch hat unser St\u00fcck &#8222;Titanenkinder&#8220; per Definition keine Hauptrollen, ganz gleich ob Zeus oder Aphrodite, alle Rollen sind gleich wichtig und haben die gleiche Zeit auf der B\u00fchne. Dies bedeutet nicht, dass es kein b\u00f6ses Blut \u00fcber das Casting geben darf, so mancher h\u00e4tte lieber eine andere Rolle gespielt als man am Ende zugeteilt bekam.<\/p>\n\n\n\n<p>Das Ensemble ist eine internationale Truppe mit verschiedenen kulturellen Hintergr\u00fcnden. Dies bezieht sich einerseits auf ihren t\u00e4nzerischen Hintergrund, aber auch auf ihr Verst\u00e4ndnis \u00fcber bestimmte Dinge. So k\u00f6nnen wir sowohl Ballerinas, als auch Standardt\u00e4nzer und Anh\u00e4nger historischer T\u00e4nze eine gemeinsame B\u00fchne bieten. Am Ende wird ein gemeinsames, wildes, kreatives St\u00fcck stehen, dass gemeinsame entwickelt wird. <\/p>\n\n\n\n<p><strong>Muss ich ein guter T\u00e4nzer sein, um teilnehmen zu k\u00f6nnen?<\/strong><br>Nein. Ganz im Gegenteilt, du musst sogar gar keine Tanzerfahrung haben um teilnehmen zu k\u00f6nnen. Du darfst lediglich keine Angst haben, vor und mit anderen zu tanzen. Und nat\u00fcrlich auch zu singen.<\/p>\n\n\n\n<p><strong>Wieviel Gesang ist notwendig? Was streben wir mit unseren LARPs an?<\/strong><\/p>\n\n\n\n<p>Informationen zu unserer Spielphilosophie und der Meta-Technik Gesang sowie andere Dinge, die f\u00fcr alle unsere LARPs g\u00fcltig sind, haben wir unter <a href=\"https:\/\/happy-playce.de\/?page_id=28\">\u00dcber Uns<\/a> zusammengefasst.<\/p>\n\n\n\n<h2 class=\"wp-block-heading\">Tanz<\/h2>\n\n\n\n<p>Wir bespielen eine Tanzgruppe mit verschiedenen kulturellen und t\u00e4nzerischen Hintergr\u00fcnden. Dazu haben wir uns bewusst entschieden, denn wir m\u00f6chten jedem die M\u00f6glichkeit geben, seine eigenen Erfahrungen mit Tanz einzubringen. Eine Mischung verschiedener Tanzstile in den einzelnen Szenen ist nicht nur m\u00f6glich, sondern durch uns erw\u00fcnscht.<\/p>\n\n\n\n<p>Aber ganz wichtig f\u00fcr uns ist in diesem Rahmen: Wenn wir von Tanzen reden, meinen wir eigentlich eher Bewegen. <strong>Niemand erwartet von den Teilnehmenden, dass diese ausgebildete Profit\u00e4nzer sind. <\/strong>Ganz im Gegenteil, ist die Teilnahme auch f\u00fcr Personen ohne praktische Tanzerfahrung m\u00f6glich. Es m\u00fcssen nicht die ausgefallensten Tanzchoreographien werden, es gen\u00fcgt auch, sich zur Musik zu bewegen.<\/p>\n\n\n\n<p>Im Rahmen der Proben wird jedem Charakter eine Rolle im fiktiven Tanztheaterst\u00fcck &#8222;Titanenkinder&#8220; zugewiesen. Diese Rolle hat drei Auftritte, jeweils in einem Duett, einer kleinen Gruppe und einer gro\u00dfen Gruppe. Mit diesen Gruppen wird in jedem Akt einmal geprobt, sodass man mit m\u00f6glichst vielen anderen Charakteren tanzen kann.<\/p>\n\n\n\n<h2 class=\"wp-block-heading\">Charaktere<\/h2>\n\n\n\n<p>Alle Charaktere werden von uns geschrieben, haben aber Platz f\u00fcr eigene Ideen. Es ist nicht m\u00f6glich, den Charakter selbst zu schreiben. Die Rollen werden vorgefertigte Verkn\u00fcpfungen mit anderen Rollen haben, welche entweder aus einer Beziehung (z.B. romantisch, famili\u00e4r) oder einer Erinnerung stammen.<\/p>\n\n\n\n<p>Euer fertiger Charakter wird euch rechtzeitig vor dem Spiel zur Verf\u00fcgung gestellt und neben einer Biographie auch eben diese Erinnerungen enthalten. Erinnerungen sind Szenen, die mehrere Charaktere teilen und euch in Textform vorab zur Verf\u00fcgung gestellt werden. Sie sind bewusst offen interpretierbar formuliert, sodass alle das hineinlesen k\u00f6nnen, was sie wollen. Bitte nutzt diese Erinnerungen als Spielanreize. Wenn ihr unklar dar\u00fcber seid, wie ihr mit anderen Teilnehmenden eine Erinnerung bespielen wollt, nutzt die Kalibirierungsphasen um dies zu kl\u00e4ren.<\/p>\n\n\n\n<h2 class=\"wp-block-heading\">Workshops<\/h2>\n\n\n\n<p>Unsere Workshops sollen neben einer \u00dcbersicht \u00fcber unsere Sicherheitsmechaniken vor allem dazu dienen, dass Barrieren, die in jedem wohnen, abgebaut werden, damit singen und tanzen w\u00e4hrend des Spiels leichter f\u00e4llt. Wir planen f\u00fcr die Workshops etwa 4h ein.<\/p>\n\n\n\n<p><strong>Eine Teilnahme an den Workshops ist f\u00fcr alle Teilnehmenden verpflichtend. Ohne Teilnahme an den Workshops ist die Teilnahme am Rest des Spiels nicht m\u00f6glich.<\/strong><\/p>\n\n\n\n<h2 class=\"wp-block-heading\">Aktstruktur<\/h2>\n\n\n\n<p>Unser Spiel ist in mehreren Akten aufgebaut, in denen du selbst die Geschwindigkeit deines Spiels steuern kannst. Zwischen den Akten gibt es jeweils eine Pause, die wir Kalibrierungsphase nennen, in welcher sich die Teilnehmenden neu absprechen und ihr Spiel in die gew\u00fcnschte Richtung lenken k\u00f6nnen, um am Ende ein Happy End zu erreichen.<\/p>\n\n\n\n<p>Das Spiel beginnt mit einem Prolog, der Abend der Ankunft aller Ensemblemitglieder. In diesem Prolog wollen wir gemeinsam die Barrieren, die uns auch nach den Workshops noch innewohnen k\u00f6nnten, abbauen, sodass wir in den folgenden 48h unbeschwert singen und tanzen k\u00f6nnen.<\/p>\n\n\n\n<p>Das Spiel endet mit dem Finale in Akt 4 am Samstag Abend. Hier wird es eine Abschlussprobe geben, bei der alle Tanzeinheiten ihre Ergebnisse vorstellen und das St\u00fcck einmalig durchgehend getanzt wird. W\u00e4hrend dieses Akts sollen alle Teilnehmden auch ihr Happy End erreichen.<\/p>\n\n\n\n<h2 class=\"wp-block-heading\">Umgang mit Nationen und Klischees<\/h2>\n\n\n\n<p>Wir wollen eine internationale Tanztruppe darstellen mit verschiedenen kulturellen und t\u00e4nzerischen Hintergr\u00fcnden.<\/p>\n\n\n\n<p>Das Darstellen von Klischees hat im LARP eine lange Tradition und ist unverzichtbar, um bestimmte Charakterhintergr\u00fcnde leicht verst\u00e4ndlich darzustellen.<\/p>\n\n\n\n<p>Dennoch wollen wir kein plattes Darstellen von Klischees \u00fcber Nationen. Wir f\u00fcgen die Vielzahl an Nationen ein, um das Spiel interessanter zu gestalten, mehr Kultur zu erm\u00f6glichen, die sonst in den Rollen keinen Platz finden w\u00fcrde. Aber: in erster Linie sind alle Rollen Tanzende, in irgendeiner untergeordneten Rolle stammen diese aus einem Land ab. Wir wollen keinen unvers\u00f6hnlichen Erbstreit zwischen L\u00e4ndern thematisieren und keine nationalen Klischees vertiefen. Geht geschmackvoll mit dem nationalen Hintergrund eures Charakters um, und seht diesen als Kulturpool, aus dem ihr euch bedienen d\u00fcrft.<\/p>\n\n\n\n<h2 class=\"wp-block-heading\">Ablauf<\/h2>\n\n\n\n<p>Donnerstag: Ankunft, Workshops, Prolog (Er\u00f6ffnungsfeier)<br>Freitag: Akt 1 + 2 (Basis f\u00fcr Drama legen, Happy End Wege er\u00f6ffnen)<br>Samstag: Akt 3 + 4 (Dramatischer Klimax, Abschlussprobe, Happy End)<br>Sonntag: Fr\u00fchst\u00fcck und Abreise<\/p>\n\n\n\n<h2 class=\"wp-block-heading\">Verpflegung<\/h2>\n\n\n\n<p>Alle Teilnehmenden werden durch das Kochteam des Kuckucksnests verpflegt. Die K\u00fcche kocht komplett vegetarisch mit veganer Option. Es gibt keine M\u00f6glichkeit eines Fleisch-Upgrades o.\u00e4.<\/p>\n\n\n\n<p>An Getr\u00e4nken stehen Wasser und Kaffee kostenlos zur Verf\u00fcgung. Direkt beim Haus k\u00f6nnen weitere Getr\u00e4nke bezogen werden.<\/p>\n\n\n\n<h2 class=\"wp-block-heading\">Teilnahmem\u00f6glichkeiten<\/h2>\n\n\n\n<p>Wir ben\u00f6tigen dieses Mal keine Unterst\u00fctzung f\u00fcr das Team in irgendwelchen Positionen oder NSCs. Daher ist nur eine Teilnahme als Teilnehmende m\u00f6glich. Dies erm\u00f6glichen wir aber in verschiedenen Optionen.<\/p>\n\n\n\n<p><strong>Option 1: Vollzahlende<\/strong> &#8211; 275\u20ac, 24 Pl\u00e4tze<br>Alle Vollzahlenden bekommen eine Rolle im Vorfeld, ein Bett im Haus (i.d.R. Einzelbett im Mehrbettzimmer, es gibt keine Einzelzimmer) und nat\u00fcrlich die Vollverpflegung. Teilnehmende m\u00fcssen sich selbst um ihr Kost\u00fcm, Songs und T\u00e4nze k\u00fcmmern.<\/p>\n\n\n\n<p><strong>Option 2: Au\u00dfer Haus Schlafende<\/strong> &#8211; 215\u20ac, ? Pl\u00e4tze<br>Es gibt die M\u00f6glichkeit am Spiel teilzunehmen, ohne im Kuckucksnest zu schlafen. Diese Option richtet sich an Teilnehmende, die entweder in der N\u00e4he wohnen, ein Einzelzimmer w\u00fcnschen oder ruhiger Schlafen wollen. Vollverpflegung ist hier enthalten, ebenso erhalten diese Teilnehmenden ihre Rolle im Vorfeld der Veranstaltung. Auch hier gilt, dass Kost\u00fcm, Lieder und T\u00e4nze selbst organisiert werden m\u00fcssen.<\/p>\n\n\n\n<p><strong>Option 3: Springer <\/strong>&#8211; 150\u20ac, 2 Pl\u00e4tze<br>Diese Teilnehmenden zahlen deutlich weniger, erhalten aber ein Bett im Haus und Vollverpflegung. Der reduzierte Preis erkl\u00e4rt sich dadurch, dass diese Teilnehmenden ihre Rolle nicht im weit im Vorfeld erhalten, sondern bereit stehen um bei kurzfristigen Ausf\u00e4llen die Rollen anderer zu \u00fcbernehmen. Erfahrungsgem\u00e4\u00df gibt es in den letzten 14 Tagen vor der Veranstaltung gen\u00fcgend Absagen, damit alle Springer eine volle Rolle erhalten k\u00f6nnen. Sollte dies nicht passieren, so erhalten die Springer eine rudiment\u00e4re Rolle, welche sie selbst ausgestalten und verkn\u00fcpfen k\u00f6nnen und d\u00fcrfen.<\/p>\n\n\n\n<h2 class=\"wp-block-heading\">Anmeldung<\/h2>\n\n\n\n<p>Wir haben einen Anmeldezeitraum, in dem alle Anmeldungen gleich behandelt werden. Es spielt keine Rolle, ob ihr euch heute oder am letzten Tag des Anmeldezeitraums anmeldet, alle haben die gleichen Chancen an dem Spiel teilzunehmen. Der Anmeldezeitraum endet am <strong>17.12.2023 <\/strong>um <strong>20:00 Uhr MEZ.<\/strong><\/p>\n\n\n\n<p><strong>Das Mindestalter zur Teilnahme betr\u00e4gt 18 Jahre.<\/strong><\/p>\n\n\n\n<h2 class=\"wp-block-heading\">Platzvergabe<\/h2>\n\n\n\n<p>Danach werden wir die Anmeldungen pr\u00fcfen und die Pl\u00e4tze vergeben. Diese Phase soll bis zum Jahresende abgeschlossen sein, sodass ihr sp\u00e4testens zum 01.01.2024 Bescheid wisst, ob ihr einen Platz bekommen habt.<\/p>\n\n\n\n<p>Die Platzvergabe erfolgt unter verschiedenen Aspekten und ist keine reine Lotterie. Beispielsweise w\u00fcrden wir uns w\u00fcnschen, Anf\u00e4ngern im LARP oder uns Unbekannten die Teilnahme zu erm\u00f6glichen, m\u00f6chten aber gleichzeitig auch erfahrene Spielende dabei haben, deren Spielphilosophie wir kennen und von denen wir davon ausgehen, dass sie das Spiel in eine Richtugn steuern, die mit unserer Vision \u00fcbereinstimmt. Insgesamt sind wir daher darum bem\u00fcht, in der initialen Platzvergabe eine unserer Meinung nach gesunde Mischung zu erzielen. Ausgelost wird dann, wenn wir keinen klaren Vorteil einzelner gegen\u00fcber anderer sehen.<\/p>\n\n\n\n<p>Keinesfalls werden die Faktoren Geschlecht, Alter, Vorerkrankungen, Allergien oder Ern\u00e4hrungsgewohnheiten einen Einfluss auf die Platzvergabe haben. Wir fragen einzelne dieser Faktoren bei der Anmeldung dennoch ab, da diese f\u00fcr die Organisation notwendig sind.<\/p>\n\n\n\n<p>Alle, die nicht aus dringenden Gr\u00fcnen von der Teilnahme ausgeschlossen werden m\u00fcssen, und die in der ersten Auswahlphase nicht ausgew\u00e4hlt wurden, haben die M\u00f6glichkeit, sich auf die Warteliste setzen zu lassen. F\u00fcr diese Warteliste ist auch nach dem 17.12.2023 eine Anmeldung m\u00f6glich.<\/p>\n\n\n\n<h2 class=\"wp-block-heading\">Warteliste<\/h2>\n\n\n\n<p>Wenn du keinen Platz in der ersten Vergaberunde erhalten hast und dies w\u00fcnscht, kannst du dich auf die Warteliste setzen lassen. Erfahrungsgem\u00e4\u00df sagen etwa 30-50% der urspr\u00fcnglich Teilnehmenden wieder ab, sodass auch noch gute Chancen bestehen, an unserem LARP teilzunehmen, wenn du in der urspr\u00fcnglichen Vergabe kein Gl\u00fcck gehabt hast.<\/p>\n\n\n\n<p>Leider hatten wir in der Vergangenheit gro\u00dfe Probleme mit unserer Warteliste, weil sich viele Personen auf die Warteliste haben schreiben lassen, ohne dass sie Zeit oder Interesse hatten, einen Platz tats\u00e4chlich zu nehmen, wenn die Gelegenheit sich ergibt. Daher haben wir beschlossen, einen <strong>Pfand i.H.v. 10\u20ac <\/strong>f\u00fcr die Warteliste zu nehmen.<\/p>\n\n\n\n<p><strong>Du erh\u00e4lst deinen Pfand vollst\u00e4ndig zur\u00fcck, wenn<\/strong><br>a.) du uns von dir aus Bescheid gibst, dass du kein Interesse oder keine Zeit mehr hast, an unserem LARP teilzunehmen und wir dich von der Warteliste entfernen sollen oder<br>b.) wir dir bis 14 Tage vor der Veranstaltung keinen Platz anbieten k\u00f6nnen.<\/p>\n\n\n\n<p><strong>Wir behalten deinen Pfand ein, wenn<\/strong><br>a.) wir dir einen Platz anbieten und du diesen, egal aus welchen Gr\u00fcnden, nicht annimmst, oder<br>b.) wir dich 7 Tage lang nicht per e-Mail erreichen k\u00f6nnen, wenn wir dir einen Platz anbieten wollen.<\/p>\n\n\n\n<p><strong>Der Pfand wird verrechnet, wenn<\/strong><br>wir dir einen Platz anbieten und du dich entscheidest, diesen anzunehmen. In diesem Fall wird der Teilnahmebetrag um 10\u20ac reduziert.<\/p>\n\n\n\n<h2 class=\"wp-block-heading\">Absagen<\/h2>\n\n\n\n<p>Es kann immer mal was dazwischen kommen, daf\u00fcr haben wir Verst\u00e4ndnis. Aber Absagen machen uns viel Arbeit und haben, gerade je n\u00e4her man zur Con kommt, erstaunlich zugenommen und nehmen unglaublich viel Zeit in Anspruch, die wir lieber in andere Dinge stecken w\u00fcrden. Wenn ihr also absagen m\u00fcsst, tut dies bitte so fr\u00fchzeitig wie m\u00f6glich.<\/p>\n\n\n\n<p>Unser Spiel ist darauf ausgelegt, dass alle Rollen bespielt werden, sowohl dramaturgisch als auch finanziell. Daher m\u00fcssen wir einen Ersatz f\u00fcr euch finden. Sobald wir einen Ersatz gefunden haben, und dieser den Unkostenbeitrag gezahlt hat, k\u00f6nnen wir euch euren geleisteten Beitrag abzgl. einer Stornogeb\u00fchr von 30\u20ac zur\u00fcck\u00fcberweisen. <br><strong>Ausnahme: Bei Absagen innerhalb der letzten 14 Tage vor Conbeginn, also nach dem 31.10.2024, kann kein Beitrag zur\u00fcck\u00fcberwiesen werden. In diesem Fall springt ein Springer ein. Gleiches gilt, wenn wir bis zum 31.10.2024 keinen Ersatz f\u00fcr dich finden k\u00f6nnen.<\/strong><\/p>\n\n\n\n<h2 class=\"wp-block-heading\">Barrierefreiheit<\/h2>\n\n\n\n<p>Wir sind bem\u00fcht, das Spiel so barrierefrei wie m\u00f6glich zu gestalten, aber uns sind einige Grenzen durch \u00e4u\u00dfere Begebenheiten gesetzt, in erster Linie durch die Location.<\/p>\n\n\n\n<p>Das Kuckucksnest verf\u00fcgt \u00fcber steile, schmale Treppen, und ist daher nicht Rollstuhlgerecht. Mit eingeschr\u00e4nkter Sicht kann es an einigen Stellen im Haus gef\u00e4hrlich werden.<\/p>\n\n\n\n<p>Wir sind bem\u00fcht, das Spiel so inklusiv wie m\u00f6glich zu gestalten. Wenn du Fragen oder Bed\u00fcrfnisse an die Location oder Con hast, f\u00fchl dich eingeladen, uns zu kontaktieren.<\/p>\n\n\n\n<h2 class=\"wp-block-heading\">Anmeldung<\/h2>\n\n\n\n<p>Die Anmeldung ist jetzt geschlossen. Die Warteliste findest du <a href=\"https:\/\/docs.google.com\/forms\/d\/1l4QA7IpECunHwNMg_9cEB76rzBHvcMHoX-UhhEUs5oE\/edit\">hier<\/a>.<\/p>\n","protected":false},"excerpt":{"rendered":"<p>Unser n\u00e4chstes Projekt hei\u00dft &#8222;Titanenkinder&#8220; und wird vom 14. bis 17. November 2024 im Kuckucksnest in Schl\u00fcchtern, etwa eine Autostunde \u00f6stlich von Frankfurt am Main stattfinden. Es wird wie bereits bei der Roten Ros ein Musicallarp werden. Der Unkostenbeitrag wird zwischen 150\u20ac und 275\u20ac liegen. Details dazu weiter unten. Achtung: Dieses Mal findet unser Spiel [&hellip;]<\/p>\n","protected":false},"author":4,"featured_media":0,"parent":0,"menu_order":0,"comment_status":"closed","ping_status":"closed","template":"","meta":{"site-container-style":"default","site-container-layout":"default","site-sidebar-layout":"default","disable-article-header":"default","disable-site-header":"default","disable-site-footer":"default","disable-content-area-spacing":"default","footnotes":""},"class_list":["post-12","page","type-page","status-publish","hentry"],"_links":{"self":[{"href":"https:\/\/happy-playce.de\/index.php?rest_route=\/wp\/v2\/pages\/12"}],"collection":[{"href":"https:\/\/happy-playce.de\/index.php?rest_route=\/wp\/v2\/pages"}],"about":[{"href":"https:\/\/happy-playce.de\/index.php?rest_route=\/wp\/v2\/types\/page"}],"author":[{"embeddable":true,"href":"https:\/\/happy-playce.de\/index.php?rest_route=\/wp\/v2\/users\/4"}],"replies":[{"embeddable":true,"href":"https:\/\/happy-playce.de\/index.php?rest_route=%2Fwp%2Fv2%2Fcomments&post=12"}],"version-history":[{"count":12,"href":"https:\/\/happy-playce.de\/index.php?rest_route=\/wp\/v2\/pages\/12\/revisions"}],"predecessor-version":[{"id":89,"href":"https:\/\/happy-playce.de\/index.php?rest_route=\/wp\/v2\/pages\/12\/revisions\/89"}],"wp:attachment":[{"href":"https:\/\/happy-playce.de\/index.php?rest_route=%2Fwp%2Fv2%2Fmedia&parent=12"}],"curies":[{"name":"wp","href":"https:\/\/api.w.org\/{rel}","templated":true}]}}