{"id":110,"date":"2025-09-30T19:01:26","date_gmt":"2025-09-30T17:01:26","guid":{"rendered":"https:\/\/happy-playce.de\/?page_id=110"},"modified":"2025-09-30T19:02:11","modified_gmt":"2025-09-30T17:02:11","slug":"wege-zum-frieden-xv-20-freudlose-jahre","status":"publish","type":"page","link":"https:\/\/happy-playce.de\/?page_id=110","title":{"rendered":"Wege zum Frieden XV &#8211; 20 freudlose Jahre"},"content":{"rendered":"\n<figure class=\"wp-block-image aligncenter size-large\"><img loading=\"lazy\" decoding=\"async\" width=\"1024\" height=\"768\" src=\"https:\/\/happy-playce.de\/wp-content\/uploads\/2025\/09\/20250927_142039-1024x768.jpg\" alt=\"\" class=\"wp-image-112\" srcset=\"https:\/\/happy-playce.de\/wp-content\/uploads\/2025\/09\/20250927_142039-1024x768.jpg 1024w, https:\/\/happy-playce.de\/wp-content\/uploads\/2025\/09\/20250927_142039-300x225.jpg 300w, https:\/\/happy-playce.de\/wp-content\/uploads\/2025\/09\/20250927_142039-768x576.jpg 768w, https:\/\/happy-playce.de\/wp-content\/uploads\/2025\/09\/20250927_142039-1536x1152.jpg 1536w, https:\/\/happy-playce.de\/wp-content\/uploads\/2025\/09\/20250927_142039-2048x1536.jpg 2048w\" sizes=\"(max-width: 1024px) 100vw, 1024px\" \/><\/figure>\n\n\n\n<p class=\"has-text-align-center\"><em>Die Nebel wadern langsam vom sehr, sehr teuren Wald, der den Gro\u00dfteil des Budgets der Orga gefressen hat, in Richtung Burgtor, an dem du gerade mit der Burgwache um Einlass verhandelst. Die Burgwache sieht seltsamerweise genauso aus wie der Graf und Bauer Alrik, mit Ausnahme des Hutes, aber daran hast du dich bei deinen zahlreichen Reisen in diese Lande bereits gew\u00f6hnt. Etwas weiter vorne erkennst du einen Barden, der ein allzu stereotypisches und \u00e4u\u00dferst schl\u00fcpfriges Liebeslied der Dame des Tages tr\u00e4llert, dorthin streiten wieder einmal die beiden K\u00f6nige von Gemmengfor, wer von ihnen denn nun der rechtm\u00e4\u00dfige sei, Elb und Zwerg streiten sich genauso leidenschaftlich und wieder einmal scheint die B\u00e4ckerin ein m\u00e4chtiges und gef\u00e4hrliches Artefakt gefunden zu haben. Ja, du bist zum f\u00fcnfzehnten Mal in diesen Landen unterwegs, und dieses Mal wird es euch bestimmt gelingen, den finsteren Nekromanten zu vernichten! <\/em><\/p>\n\n\n\n<p>&#8222;Wege zum Frieden XV &#8211; 20 freudlose Jahre\u201d ist ein Musical Larp von Happy Playce. Dieses Mal f\u00fchren wir euch in eine Hommage an deutsches Fantasy-Larp, Monty Python\u2019s Spamalot und popul\u00e4rer Fantasykultur. Wie ihr es von uns gewohnt seid, geht es um Happy Ends, Heile Welten und es ist stets alles mit einem Augenzwinkern zu sehen. Es ist keine Conreihe, wir fanden den Namen einfach lustig. Musical Larp, das hei\u00dft singen, tanzen, \u00fcber den eigenen Schatten springen und eine Welt bespielen, die f\u00fcr die Charaktere echt und dramatisch ist, f\u00fcr uns aber ein bisschen \u00fcbertrieben. Glaub uns, es macht wirklich Spa\u00df. <\/p>\n\n\n\n<p>Die Con findet vom 10. bis 13. September 2026 auf der Tannenburg in Nentershausen in Hessen statt. <\/p>\n\n\n\n<p>Alle Weiteren Infos findet ihr in unserem Design Dokument: <a href=\"https:\/\/docs.google.com\/document\/d\/1GFELOSC5HMgTdXKX8a-dHEdXenQrJcyoc73M6nsxtDU\/edit?usp=drivesdk\" target=\"_blank\" rel=\"noreferrer noopener\">https:\/\/docs.google.com\/document\/d\/1GFELOSC5HMgTdXKX8a-dHEdXenQrJcyoc73M6nsxtDU\/edit?usp=drivesdk<\/a> <\/p>\n\n\n\n<p>Die Anmeldung ist vom 28.09. bis einschlie\u00dflich 12.10. ge\u00f6ffnet. Die Pl\u00e4tze werden gelost. Hier kommt ihr zur Anmeldung: <a href=\"https:\/\/forms.gle\/CVyVcu5kaXnb65rr7\" target=\"_blank\" rel=\"noreferrer noopener\">https:\/\/forms.gle\/CVyVcu5kaXnb65rr7<\/a><\/p>\n","protected":false},"excerpt":{"rendered":"<p>Die Nebel wadern langsam vom sehr, sehr teuren Wald, der den Gro\u00dfteil des Budgets der Orga gefressen hat, in Richtung Burgtor, an dem du gerade mit der Burgwache um Einlass verhandelst. Die Burgwache sieht seltsamerweise genauso aus wie der Graf und Bauer Alrik, mit Ausnahme des Hutes, aber daran hast du dich bei deinen zahlreichen [&hellip;]<\/p>\n","protected":false},"author":3,"featured_media":0,"parent":0,"menu_order":0,"comment_status":"closed","ping_status":"closed","template":"","meta":{"site-container-style":"default","site-container-layout":"default","site-sidebar-layout":"default","disable-article-header":"default","disable-site-header":"default","disable-site-footer":"default","disable-content-area-spacing":"default","footnotes":""},"class_list":["post-110","page","type-page","status-publish","hentry"],"_links":{"self":[{"href":"https:\/\/happy-playce.de\/index.php?rest_route=\/wp\/v2\/pages\/110"}],"collection":[{"href":"https:\/\/happy-playce.de\/index.php?rest_route=\/wp\/v2\/pages"}],"about":[{"href":"https:\/\/happy-playce.de\/index.php?rest_route=\/wp\/v2\/types\/page"}],"author":[{"embeddable":true,"href":"https:\/\/happy-playce.de\/index.php?rest_route=\/wp\/v2\/users\/3"}],"replies":[{"embeddable":true,"href":"https:\/\/happy-playce.de\/index.php?rest_route=%2Fwp%2Fv2%2Fcomments&post=110"}],"version-history":[{"count":2,"href":"https:\/\/happy-playce.de\/index.php?rest_route=\/wp\/v2\/pages\/110\/revisions"}],"predecessor-version":[{"id":114,"href":"https:\/\/happy-playce.de\/index.php?rest_route=\/wp\/v2\/pages\/110\/revisions\/114"}],"wp:attachment":[{"href":"https:\/\/happy-playce.de\/index.php?rest_route=%2Fwp%2Fv2%2Fmedia&parent=110"}],"curies":[{"name":"wp","href":"https:\/\/api.w.org\/{rel}","templated":true}]}}